{"id":187792,"date":"2023-01-04T15:07:32","date_gmt":"2023-01-04T14:07:32","guid":{"rendered":"https:\/\/www.starlash.pl\/product\/browxenna-105-frosty-chestnut\/"},"modified":"2023-02-27T19:15:53","modified_gmt":"2023-02-27T18:15:53","slug":"browxenna-105-frosty-chestnut","status":"publish","type":"product","link":"https:\/\/www.starlash.pl\/en\/product\/browxenna-105-frosty-chestnut\/","title":{"rendered":"BrowXenna 105 Frosty Chestnut"},"content":{"rendered":"<p>BrowXenna 105 Frosty Chestnut<\/p>\n<p>BrowXenna 105 Frosty Chestnut \u2013 podobnie jak kolor 104 Bitter Chocolate \u2013 jest kolorem br\u0105zowym z po\u015bwiat\u0105 czekoladow\u0105, lecz w odcieniu ciep\u0142ym. I tak samo jak\u00a0\u00a0#104 Bitter Chocolate mo\u017cna uplasowa\u0107 go pomi\u0119dzy kolorami #102 Cold Coffee a #103 Rich Brown. Mo\u017cna u\u017cywa\u0107 go \u015bmia\u0142o w czystej postaci a tak\u017ce \u0142\u0105czy\u0107 z innymi kolorami.<\/p>\n<p>Rekomendowane po\u0142\u0105czenia:<br \/>\nBrowXenna 105 Frosty Chestnut ( 50% ) + 104 Bitter Chocolate ( 50% )<br \/>\nBrowXenna 105 Frosty Chestnut ( 50% ) + 102 Cold Coffee ( 50% )<\/p>\n<p>BrowXenna 105 Frosty Chestnut ( 70% ) + 103 Light Chestnut ( 30% )<\/p>\n<p>Br\u0105zy s\u0105 zdecydowanie najpopularniejszymi kolorami. Ka\u017cdy z\u00a0nich mo\u017cna aplikowa\u0107 w\u00a0czystej postaci jak i\u00a0miesza\u0107. Odcienie br\u0105z przeznaczone s\u0105 dla szatynek, brunetek, kobiet o\u00a0ciemnych w\u0142osach.<\/p>\n<p>BrowXenna 105 Frosty Chestnut to innowacyjny produkt koloryzuj\u0105cy oparty na zmielonych li\u015bciach henny, mieszance zi\u00f3\u0142 i zwi\u0105zk\u00f3w organicznych do trwa\u0142ego zabarwienia brwi z efektem tatuowania. Bogat\u0105 palet\u0119 naturalnych odcieni mo\u017cna stosowa\u0107 indywidualnie lub \u0142\u0105czy\u0107 ze sob\u0105. Naturalne sk\u0142adniki henny do brwi BrowXenna\u00ae dbaj\u0105 o zniszczone i s\u0142abe w\u0142osy, wzmacniaj\u0105c je z ka\u017cdym zabiegiem i przywracaj\u0105c naturalny kszta\u0142t brwi. Twarz staje si\u0119 bardziej wyrazista i symetryczna, przez co bardziej atrakcyjna<\/p>\n<p>Henna do brwi BrowXenna\u00ae to produkt\u2026<\/p>\n<p>kt\u00f3ry jako pierwsza na rynku marka stworzony zosta\u0142 specjalnie dla brwi na bazie henny;<br \/>\nkt\u00f3ry koloryzuje nie tylko w\u0142osy, ale tak\u017ce sk\u00f3r\u0119;<br \/>\njako jedyny na rynku dost\u0119pny 12 odcieniach;<br \/>\nwybrany przez ponad 20 000 klient\u00f3w w 43 krajach;<\/p>\n","protected":false},"excerpt":{"rendered":"<p>BrowXenna 105 Frosty Chestnut BrowXenna 105 Frosty Chestnut \u2013 podobnie jak kolor 104 Bitter Chocolate \u2013 jest kolorem br\u0105zowym z po\u015bwiat\u0105 czekoladow\u0105, lecz w odcieniu ciep\u0142ym. I tak samo jak\u00a0\u00a0#104 Bitter Chocolate mo\u017cna uplasowa\u0107 go pomi\u0119dzy kolorami #102 Cold Coffee a #103 Rich Brown. Mo\u017cna u\u017cywa\u0107 go \u015bmia\u0142o w czystej postaci a tak\u017ce \u0142\u0105czy\u0107 z innymi kolorami. Rekomendowane po\u0142\u0105czenia: BrowXenna 105 Frosty Chestnut ( 50% ) + 104 Bitter Chocolate ( 50% ) BrowXenna 105 Frosty Chestnut ( 50% ) + 102 Cold Coffee ( 50% ) BrowXenna 105 Frosty Chestnut ( 70% ) + 103 Light Chestnut ( 30% ) Br\u0105zy s\u0105 zdecydowanie najpopularniejszymi kolorami. Ka\u017cdy z\u00a0nich mo\u017cna aplikowa\u0107 w\u00a0czystej postaci jak i\u00a0miesza\u0107. Odcienie br\u0105z przeznaczone s\u0105 dla szatynek, brunetek, kobiet o\u00a0ciemnych w\u0142osach. BrowXenna 105 Frosty Chestnut to innowacyjny produkt koloryzuj\u0105cy oparty na zmielonych li\u015bciach henny, mieszance zi\u00f3\u0142 i zwi\u0105zk\u00f3w organicznych do trwa\u0142ego zabarwienia brwi z efektem tatuowania. Bogat\u0105 palet\u0119 naturalnych odcieni mo\u017cna stosowa\u0107 indywidualnie lub \u0142\u0105czy\u0107 ze sob\u0105. Naturalne sk\u0142adniki henny do brwi BrowXenna\u00ae dbaj\u0105 o zniszczone i s\u0142abe w\u0142osy, wzmacniaj\u0105c je z ka\u017cdym zabiegiem i przywracaj\u0105c naturalny kszta\u0142t brwi. Twarz staje si\u0119 bardziej wyrazista i symetryczna, przez co bardziej atrakcyjna Henna do brwi BrowXenna\u00ae to produkt\u2026 kt\u00f3ry&hellip; <a class=\"read-more-link\" href=\"https:\/\/www.starlash.pl\/en\/product\/browxenna-105-frosty-chestnut\/\">Read More<\/a><\/p>\n","protected":false},"featured_media":187790,"comment_status":"open","ping_status":"closed","template":"","meta":[],"product_cat":[2764],"product_tag":[],"class_list":{"0":"post-187792","1":"product","2":"type-product","3":"status-publish","4":"has-post-thumbnail","6":"product_cat-eyebrows","9":"first","10":"instock","11":"taxable","12":"shipping-taxable","13":"purchasable","14":"product-type-simple"},"yoast_head":"<!-- This site is optimized with the Yoast SEO plugin v25.2 - https:\/\/yoast.com\/wordpress\/plugins\/seo\/ -->\n<title>BrowXenna 105 Frosty Chestnut - Star Lash Academy<\/title>\n<meta name=\"robots\" content=\"index, follow, max-snippet:-1, max-image-preview:large, max-video-preview:-1\" \/>\n<link rel=\"canonical\" href=\"https:\/\/www.starlash.pl\/en\/product\/browxenna-105-frosty-chestnut\/\" \/>\n<meta property=\"og:locale\" content=\"en_US\" \/>\n<meta property=\"og:type\" content=\"article\" \/>\n<meta property=\"og:title\" content=\"BrowXenna 105 Frosty Chestnut - Star Lash Academy\" \/>\n<meta property=\"og:description\" content=\"BrowXenna 105 Frosty Chestnut BrowXenna 105 Frosty Chestnut \u2013 podobnie jak kolor 104 Bitter Chocolate \u2013 jest kolorem br\u0105zowym z po\u015bwiat\u0105 czekoladow\u0105, lecz w odcieniu ciep\u0142ym. I tak samo jak\u00a0\u00a0#104 Bitter Chocolate mo\u017cna uplasowa\u0107 go pomi\u0119dzy kolorami #102 Cold Coffee a #103 Rich Brown. Mo\u017cna u\u017cywa\u0107 go \u015bmia\u0142o w czystej postaci a tak\u017ce \u0142\u0105czy\u0107 z innymi kolorami. Rekomendowane po\u0142\u0105czenia: BrowXenna 105 Frosty Chestnut ( 50% ) + 104 Bitter Chocolate ( 50% ) BrowXenna 105 Frosty Chestnut ( 50% ) + 102 Cold Coffee ( 50% ) BrowXenna 105 Frosty Chestnut ( 70% ) + 103 Light Chestnut ( 30% ) Br\u0105zy s\u0105 zdecydowanie najpopularniejszymi kolorami. Ka\u017cdy z\u00a0nich mo\u017cna aplikowa\u0107 w\u00a0czystej postaci jak i\u00a0miesza\u0107. Odcienie br\u0105z przeznaczone s\u0105 dla szatynek, brunetek, kobiet o\u00a0ciemnych w\u0142osach. BrowXenna 105 Frosty Chestnut to innowacyjny produkt koloryzuj\u0105cy oparty na zmielonych li\u015bciach henny, mieszance zi\u00f3\u0142 i zwi\u0105zk\u00f3w organicznych do trwa\u0142ego zabarwienia brwi z efektem tatuowania. Bogat\u0105 palet\u0119 naturalnych odcieni mo\u017cna stosowa\u0107 indywidualnie lub \u0142\u0105czy\u0107 ze sob\u0105. Naturalne sk\u0142adniki henny do brwi BrowXenna\u00ae dbaj\u0105 o zniszczone i s\u0142abe w\u0142osy, wzmacniaj\u0105c je z ka\u017cdym zabiegiem i przywracaj\u0105c naturalny kszta\u0142t brwi. Twarz staje si\u0119 bardziej wyrazista i symetryczna, przez co bardziej atrakcyjna Henna do brwi BrowXenna\u00ae to produkt\u2026 kt\u00f3ry&hellip; Read More\" \/>\n<meta property=\"og:url\" content=\"https:\/\/www.starlash.pl\/en\/product\/browxenna-105-frosty-chestnut\/\" \/>\n<meta property=\"og:site_name\" content=\"Star Lash Academy\" \/>\n<meta property=\"article:modified_time\" content=\"2023-02-27T18:15:53+00:00\" \/>\n<meta property=\"og:image\" content=\"https:\/\/www.starlash.pl\/wp-content\/uploads\/2023\/01\/BX_105_fiolka.jpg\" \/>\n\t<meta property=\"og:image:width\" content=\"897\" \/>\n\t<meta property=\"og:image:height\" content=\"908\" \/>\n\t<meta property=\"og:image:type\" content=\"image\/jpeg\" \/>\n<meta name=\"twitter:card\" content=\"summary_large_image\" \/>\n<meta name=\"twitter:label1\" content=\"Est. reading time\" \/>\n\t<meta name=\"twitter:data1\" content=\"1 minute\" \/>\n<script type=\"application\/ld+json\" class=\"yoast-schema-graph\">{\"@context\":\"https:\/\/schema.org\",\"@graph\":[{\"@type\":\"WebPage\",\"@id\":\"https:\/\/www.starlash.pl\/en\/product\/browxenna-105-frosty-chestnut\/\",\"url\":\"https:\/\/www.starlash.pl\/en\/product\/browxenna-105-frosty-chestnut\/\",\"name\":\"BrowXenna 105 Frosty Chestnut - Star Lash Academy\",\"isPartOf\":{\"@id\":\"https:\/\/www.starlash.pl\/#website\"},\"primaryImageOfPage\":{\"@id\":\"https:\/\/www.starlash.pl\/en\/product\/browxenna-105-frosty-chestnut\/#primaryimage\"},\"image\":{\"@id\":\"https:\/\/www.starlash.pl\/en\/product\/browxenna-105-frosty-chestnut\/#primaryimage\"},\"thumbnailUrl\":\"https:\/\/www.starlash.pl\/wp-content\/uploads\/2023\/01\/BX_105_fiolka.jpg\",\"datePublished\":\"2023-01-04T14:07:32+00:00\",\"dateModified\":\"2023-02-27T18:15:53+00:00\",\"breadcrumb\":{\"@id\":\"https:\/\/www.starlash.pl\/en\/product\/browxenna-105-frosty-chestnut\/#breadcrumb\"},\"inLanguage\":\"en-US\",\"potentialAction\":[{\"@type\":\"ReadAction\",\"target\":[\"https:\/\/www.starlash.pl\/en\/product\/browxenna-105-frosty-chestnut\/\"]}]},{\"@type\":\"ImageObject\",\"inLanguage\":\"en-US\",\"@id\":\"https:\/\/www.starlash.pl\/en\/product\/browxenna-105-frosty-chestnut\/#primaryimage\",\"url\":\"https:\/\/www.starlash.pl\/wp-content\/uploads\/2023\/01\/BX_105_fiolka.jpg\",\"contentUrl\":\"https:\/\/www.starlash.pl\/wp-content\/uploads\/2023\/01\/BX_105_fiolka.jpg\",\"width\":897,\"height\":908},{\"@type\":\"BreadcrumbList\",\"@id\":\"https:\/\/www.starlash.pl\/en\/product\/browxenna-105-frosty-chestnut\/#breadcrumb\",\"itemListElement\":[{\"@type\":\"ListItem\",\"position\":1,\"name\":\"Home\",\"item\":\"https:\/\/www.starlash.pl\/en\/home\/\"},{\"@type\":\"ListItem\",\"position\":2,\"name\":\"Shop\",\"item\":\"https:\/\/www.starlash.pl\/en\/shop\/\"},{\"@type\":\"ListItem\",\"position\":3,\"name\":\"Eyebrows\",\"item\":\"https:\/\/www.starlash.pl\/en\/product-category\/eyebrows\/\"},{\"@type\":\"ListItem\",\"position\":4,\"name\":\"BrowXenna 105 Frosty Chestnut\"}]},{\"@type\":\"WebSite\",\"@id\":\"https:\/\/www.starlash.pl\/#website\",\"url\":\"https:\/\/www.starlash.pl\/\",\"name\":\"Star Lash Academy\",\"description\":\"starlash academy\",\"potentialAction\":[{\"@type\":\"SearchAction\",\"target\":{\"@type\":\"EntryPoint\",\"urlTemplate\":\"https:\/\/www.starlash.pl\/?s={search_term_string}\"},\"query-input\":{\"@type\":\"PropertyValueSpecification\",\"valueRequired\":true,\"valueName\":\"search_term_string\"}}],\"inLanguage\":\"en-US\"}]}<\/script>\n<!-- \/ Yoast SEO plugin. -->","yoast_head_json":{"title":"BrowXenna 105 Frosty Chestnut - Star Lash Academy","robots":{"index":"index","follow":"follow","max-snippet":"max-snippet:-1","max-image-preview":"max-image-preview:large","max-video-preview":"max-video-preview:-1"},"canonical":"https:\/\/www.starlash.pl\/en\/product\/browxenna-105-frosty-chestnut\/","og_locale":"en_US","og_type":"article","og_title":"BrowXenna 105 Frosty Chestnut - Star Lash Academy","og_description":"BrowXenna 105 Frosty Chestnut BrowXenna 105 Frosty Chestnut \u2013 podobnie jak kolor 104 Bitter Chocolate \u2013 jest kolorem br\u0105zowym z po\u015bwiat\u0105 czekoladow\u0105, lecz w odcieniu ciep\u0142ym. I tak samo jak\u00a0\u00a0#104 Bitter Chocolate mo\u017cna uplasowa\u0107 go pomi\u0119dzy kolorami #102 Cold Coffee a #103 Rich Brown. Mo\u017cna u\u017cywa\u0107 go \u015bmia\u0142o w czystej postaci a tak\u017ce \u0142\u0105czy\u0107 z innymi kolorami. Rekomendowane po\u0142\u0105czenia: BrowXenna 105 Frosty Chestnut ( 50% ) + 104 Bitter Chocolate ( 50% ) BrowXenna 105 Frosty Chestnut ( 50% ) + 102 Cold Coffee ( 50% ) BrowXenna 105 Frosty Chestnut ( 70% ) + 103 Light Chestnut ( 30% ) Br\u0105zy s\u0105 zdecydowanie najpopularniejszymi kolorami. Ka\u017cdy z\u00a0nich mo\u017cna aplikowa\u0107 w\u00a0czystej postaci jak i\u00a0miesza\u0107. Odcienie br\u0105z przeznaczone s\u0105 dla szatynek, brunetek, kobiet o\u00a0ciemnych w\u0142osach. BrowXenna 105 Frosty Chestnut to innowacyjny produkt koloryzuj\u0105cy oparty na zmielonych li\u015bciach henny, mieszance zi\u00f3\u0142 i zwi\u0105zk\u00f3w organicznych do trwa\u0142ego zabarwienia brwi z efektem tatuowania. Bogat\u0105 palet\u0119 naturalnych odcieni mo\u017cna stosowa\u0107 indywidualnie lub \u0142\u0105czy\u0107 ze sob\u0105. Naturalne sk\u0142adniki henny do brwi BrowXenna\u00ae dbaj\u0105 o zniszczone i s\u0142abe w\u0142osy, wzmacniaj\u0105c je z ka\u017cdym zabiegiem i przywracaj\u0105c naturalny kszta\u0142t brwi. Twarz staje si\u0119 bardziej wyrazista i symetryczna, przez co bardziej atrakcyjna Henna do brwi BrowXenna\u00ae to produkt\u2026 kt\u00f3ry&hellip; Read More","og_url":"https:\/\/www.starlash.pl\/en\/product\/browxenna-105-frosty-chestnut\/","og_site_name":"Star Lash Academy","article_modified_time":"2023-02-27T18:15:53+00:00","og_image":[{"width":897,"height":908,"url":"https:\/\/www.starlash.pl\/wp-content\/uploads\/2023\/01\/BX_105_fiolka.jpg","type":"image\/jpeg"}],"twitter_card":"summary_large_image","twitter_misc":{"Est. reading time":"1 minute"},"schema":{"@context":"https:\/\/schema.org","@graph":[{"@type":"WebPage","@id":"https:\/\/www.starlash.pl\/en\/product\/browxenna-105-frosty-chestnut\/","url":"https:\/\/www.starlash.pl\/en\/product\/browxenna-105-frosty-chestnut\/","name":"BrowXenna 105 Frosty Chestnut - Star Lash Academy","isPartOf":{"@id":"https:\/\/www.starlash.pl\/#website"},"primaryImageOfPage":{"@id":"https:\/\/www.starlash.pl\/en\/product\/browxenna-105-frosty-chestnut\/#primaryimage"},"image":{"@id":"https:\/\/www.starlash.pl\/en\/product\/browxenna-105-frosty-chestnut\/#primaryimage"},"thumbnailUrl":"https:\/\/www.starlash.pl\/wp-content\/uploads\/2023\/01\/BX_105_fiolka.jpg","datePublished":"2023-01-04T14:07:32+00:00","dateModified":"2023-02-27T18:15:53+00:00","breadcrumb":{"@id":"https:\/\/www.starlash.pl\/en\/product\/browxenna-105-frosty-chestnut\/#breadcrumb"},"inLanguage":"en-US","potentialAction":[{"@type":"ReadAction","target":["https:\/\/www.starlash.pl\/en\/product\/browxenna-105-frosty-chestnut\/"]}]},{"@type":"ImageObject","inLanguage":"en-US","@id":"https:\/\/www.starlash.pl\/en\/product\/browxenna-105-frosty-chestnut\/#primaryimage","url":"https:\/\/www.starlash.pl\/wp-content\/uploads\/2023\/01\/BX_105_fiolka.jpg","contentUrl":"https:\/\/www.starlash.pl\/wp-content\/uploads\/2023\/01\/BX_105_fiolka.jpg","width":897,"height":908},{"@type":"BreadcrumbList","@id":"https:\/\/www.starlash.pl\/en\/product\/browxenna-105-frosty-chestnut\/#breadcrumb","itemListElement":[{"@type":"ListItem","position":1,"name":"Home","item":"https:\/\/www.starlash.pl\/en\/home\/"},{"@type":"ListItem","position":2,"name":"Shop","item":"https:\/\/www.starlash.pl\/en\/shop\/"},{"@type":"ListItem","position":3,"name":"Eyebrows","item":"https:\/\/www.starlash.pl\/en\/product-category\/eyebrows\/"},{"@type":"ListItem","position":4,"name":"BrowXenna 105 Frosty Chestnut"}]},{"@type":"WebSite","@id":"https:\/\/www.starlash.pl\/#website","url":"https:\/\/www.starlash.pl\/","name":"Star Lash Academy","description":"starlash academy","potentialAction":[{"@type":"SearchAction","target":{"@type":"EntryPoint","urlTemplate":"https:\/\/www.starlash.pl\/?s={search_term_string}"},"query-input":{"@type":"PropertyValueSpecification","valueRequired":true,"valueName":"search_term_string"}}],"inLanguage":"en-US"}]}},"_links":{"self":[{"href":"https:\/\/www.starlash.pl\/en\/wp-json\/wp\/v2\/product\/187792","targetHints":{"allow":["GET"]}}],"collection":[{"href":"https:\/\/www.starlash.pl\/en\/wp-json\/wp\/v2\/product"}],"about":[{"href":"https:\/\/www.starlash.pl\/en\/wp-json\/wp\/v2\/types\/product"}],"replies":[{"embeddable":true,"href":"https:\/\/www.starlash.pl\/en\/wp-json\/wp\/v2\/comments?post=187792"}],"wp:featuredmedia":[{"embeddable":true,"href":"https:\/\/www.starlash.pl\/en\/wp-json\/wp\/v2\/media\/187790"}],"wp:attachment":[{"href":"https:\/\/www.starlash.pl\/en\/wp-json\/wp\/v2\/media?parent=187792"}],"wp:term":[{"taxonomy":"product_cat","embeddable":true,"href":"https:\/\/www.starlash.pl\/en\/wp-json\/wp\/v2\/product_cat?post=187792"},{"taxonomy":"product_tag","embeddable":true,"href":"https:\/\/www.starlash.pl\/en\/wp-json\/wp\/v2\/product_tag?post=187792"}],"curies":[{"name":"wp","href":"https:\/\/api.w.org\/{rel}","templated":true}]}}