{"id":17222,"date":"2018-03-19T21:49:30","date_gmt":"2018-03-19T21:49:30","guid":{"rendered":"https:\/\/www.starlash.pl\/contact\/"},"modified":"2023-01-26T10:07:28","modified_gmt":"2023-01-26T09:07:28","slug":"contact","status":"publish","type":"page","link":"https:\/\/www.starlash.pl\/en\/contact\/","title":{"rendered":"Contact"},"content":{"rendered":"<div class=\"wpb-content-wrapper\"><p>[vc_row css=&#8221;.vc_custom_1519142390690{margin-top: 40px !important;margin-bottom: 40px !important;}&#8221;][vc_column]<div class=\"shortcode-title center\"><h3 class=\"normal-title\">Contact us<\/h3><h3 class=\"sub-title\">Do you have a question about the order or training? Leave us your message and we will write you back as soon as possible.<\/h3><\/div>[\/vc_column][\/vc_row][vc_row][vc_column][vc_column_text]The administrator of your personal data is <b>StarLash Sp. z o.o.<\/b>, with its registered office at ul. gen. J\u00f3zefa Sowi\u0144skiego 1, 31-524 Krak\u00f3w, entered into the National Court Register kept by the District Court for Krak\u00f3w-\u015ar\u00f3dmie\u015bcie in Krak\u00f3w, XI Commercial Department of the National Court Register, under the KRS number 0000797410, using the NIP number 6751710550.[\/vc_column_text][vc_row_inner][vc_column_inner width=&#8221;1\/3&#8243;][vc_icon icon_fontawesome=&#8221;fa fa-map-marker&#8221; color=&#8221;orange&#8221; align=&#8221;center&#8221; css=&#8221;.vc_custom_1520236746097{margin-bottom: 0px !important;}&#8221;]<div class=\"shortcode-title center\"><h3 class=\"small-title\">Location<\/h3><h3 class=\"sub-title\">Where are we?<\/h3><\/div>[vc_column_text]<\/p>\n<p style=\"text-align: center\"><strong>Sklep czynny Pon-Pt od 10:00 do 17:00<\/strong><br \/>\nStar Lash Sp\u00f3\u0142ka z o.o.<br \/>\nul. Gen. J\u00f3zefa Sowi\u0144skiego 1<br \/>\n31-524 Krak\u00f3w[\/vc_column_text][\/vc_column_inner][vc_column_inner width=&#8221;1\/3&#8243;][vc_icon icon_fontawesome=&#8221;fa fa-phone&#8221; color=&#8221;orange&#8221; align=&#8221;center&#8221; css=&#8221;.vc_custom_1520236487073{margin-bottom: 0px !important;}&#8221;]<div class=\"shortcode-title center\"><h3 class=\"small-title\">Phone<\/h3><h3 class=\"sub-title\">Orders - 10:00 AM - 5:00 PM<\/h3><\/div>[vc_column_text]<\/p>\n<p style=\"text-align: center;\"><strong>+48 502 451 659\u2013<\/strong>\u00a0Sklep<\/p>\n<p>[\/vc_column_text][\/vc_column_inner][vc_column_inner width=&#8221;1\/3&#8243;][vc_icon icon_fontawesome=&#8221;fa fa-envelope&#8221; color=&#8221;orange&#8221; align=&#8221;center&#8221; css=&#8221;.vc_custom_1520236771012{margin-bottom: 0px !important;}&#8221;]<div class=\"shortcode-title center\"><h3 class=\"small-title\">E-mail<\/h3><h3 class=\"sub-title\">Write to us!<\/h3><\/div>[vc_column_text]<\/p>\n<p style=\"text-align: center;\"><strong>shop:<\/strong> <a href=\"mailto:kontakt.starlash@gmail.com\">kontakt.starlash@gmail.com<\/a><\/p>\n<p>[\/vc_column_text][\/vc_column_inner][\/vc_row_inner][\/vc_column][\/vc_row]<\/p>\n<\/div>","protected":false},"excerpt":{"rendered":"<p>[vc_row css=&#8221;.vc_custom_1519142390690{margin-top: 40px !important;margin-bottom: 40px !important;}&#8221;][vc_column][\/vc_column][\/vc_row][vc_row][vc_column][vc_column_text]The administrator of your personal data is StarLash Sp. z o.o., with its registered office at ul. gen. J\u00f3zefa Sowi\u0144skiego 1, 31-524 Krak\u00f3w, entered into the National Court Register kept by the District Court for Krak\u00f3w-\u015ar\u00f3dmie\u015bcie in Krak\u00f3w, XI Commercial Department of the National Court Register, under the KRS number 0000797410, using the NIP number 6751710550.[\/vc_column_text][vc_row_inner][vc_column_inner width=&#8221;1\/3&#8243;][vc_icon icon_fontawesome=&#8221;fa fa-map-marker&#8221; color=&#8221;orange&#8221; align=&#8221;center&#8221; css=&#8221;.vc_custom_1520236746097{margin-bottom: 0px !important;}&#8221;][vc_column_text] Sklep czynny Pon-Pt od 10:00 do 17:00 Star Lash Sp\u00f3\u0142ka z o.o. ul. Gen. J\u00f3zefa Sowi\u0144skiego 1 31-524 Krak\u00f3w[\/vc_column_text][\/vc_column_inner][vc_column_inner width=&#8221;1\/3&#8243;][vc_icon icon_fontawesome=&#8221;fa fa-phone&#8221; color=&#8221;orange&#8221; align=&#8221;center&#8221; css=&#8221;.vc_custom_1520236487073{margin-bottom: 0px !important;}&#8221;][vc_column_text] +48 502 451 659\u2013\u00a0Sklep [\/vc_column_text][\/vc_column_inner][vc_column_inner width=&#8221;1\/3&#8243;][vc_icon icon_fontawesome=&#8221;fa fa-envelope&#8221; color=&#8221;orange&#8221; align=&#8221;center&#8221; css=&#8221;.vc_custom_1520236771012{margin-bottom: 0px !important;}&#8221;][vc_column_text] shop: kontakt.starlash@gmail.com [\/vc_column_text][\/vc_column_inner][\/vc_row_inner][\/vc_column][\/vc_row]<\/p>\n","protected":false},"author":702,"featured_media":0,"parent":0,"menu_order":0,"comment_status":"closed","ping_status":"closed","template":"","meta":{"footnotes":""},"class_list":["post-17222","page","type-page","status-publish","hentry"],"yoast_head":"<!-- This site is optimized with the Yoast SEO plugin v25.2 - https:\/\/yoast.com\/wordpress\/plugins\/seo\/ -->\n<title>Contact - Star Lash Academy<\/title>\n<meta name=\"robots\" content=\"index, follow, max-snippet:-1, max-image-preview:large, max-video-preview:-1\" \/>\n<link rel=\"canonical\" href=\"https:\/\/www.starlash.pl\/en\/contact\/\" \/>\n<meta property=\"og:locale\" content=\"en_US\" \/>\n<meta property=\"og:type\" content=\"article\" \/>\n<meta property=\"og:title\" content=\"Contact - Star Lash Academy\" \/>\n<meta property=\"og:description\" content=\"[vc_row css=&#8221;.vc_custom_1519142390690{margin-top: 40px !important;margin-bottom: 40px !important;}&#8221;][vc_column][\/vc_column][\/vc_row][vc_row][vc_column][vc_column_text]The administrator of your personal data is StarLash Sp. z o.o., with its registered office at ul. gen. J\u00f3zefa Sowi\u0144skiego 1, 31-524 Krak\u00f3w, entered into the National Court Register kept by the District Court for Krak\u00f3w-\u015ar\u00f3dmie\u015bcie in Krak\u00f3w, XI Commercial Department of the National Court Register, under the KRS number 0000797410, using the NIP number 6751710550.[\/vc_column_text][vc_row_inner][vc_column_inner width=&#8221;1\/3&#8243;][vc_icon icon_fontawesome=&#8221;fa fa-map-marker&#8221; color=&#8221;orange&#8221; align=&#8221;center&#8221; css=&#8221;.vc_custom_1520236746097{margin-bottom: 0px !important;}&#8221;][vc_column_text] Sklep czynny Pon-Pt od 10:00 do 17:00 Star Lash Sp\u00f3\u0142ka z o.o. ul. Gen. J\u00f3zefa Sowi\u0144skiego 1 31-524 Krak\u00f3w[\/vc_column_text][\/vc_column_inner][vc_column_inner width=&#8221;1\/3&#8243;][vc_icon icon_fontawesome=&#8221;fa fa-phone&#8221; color=&#8221;orange&#8221; align=&#8221;center&#8221; css=&#8221;.vc_custom_1520236487073{margin-bottom: 0px !important;}&#8221;][vc_column_text] +48 502 451 659\u2013\u00a0Sklep [\/vc_column_text][\/vc_column_inner][vc_column_inner width=&#8221;1\/3&#8243;][vc_icon icon_fontawesome=&#8221;fa fa-envelope&#8221; color=&#8221;orange&#8221; align=&#8221;center&#8221; css=&#8221;.vc_custom_1520236771012{margin-bottom: 0px !important;}&#8221;][vc_column_text] shop: kontakt.starlash@gmail.com [\/vc_column_text][\/vc_column_inner][\/vc_row_inner][\/vc_column][\/vc_row]\" \/>\n<meta property=\"og:url\" content=\"https:\/\/www.starlash.pl\/en\/contact\/\" \/>\n<meta property=\"og:site_name\" content=\"Star Lash Academy\" \/>\n<meta property=\"article:modified_time\" content=\"2023-01-26T09:07:28+00:00\" \/>\n<meta property=\"og:image\" content=\"https:\/\/www.starlash.pl\/wp-content\/uploads\/2018\/05\/IMG_4386.jpg\" \/>\n\t<meta property=\"og:image:width\" content=\"1732\" \/>\n\t<meta property=\"og:image:height\" content=\"1155\" \/>\n\t<meta property=\"og:image:type\" content=\"image\/jpeg\" \/>\n<meta name=\"twitter:card\" content=\"summary_large_image\" \/>\n<meta name=\"twitter:label1\" content=\"Est. reading time\" \/>\n\t<meta name=\"twitter:data1\" content=\"1 minute\" \/>\n<script type=\"application\/ld+json\" class=\"yoast-schema-graph\">{\"@context\":\"https:\/\/schema.org\",\"@graph\":[{\"@type\":\"WebPage\",\"@id\":\"https:\/\/www.starlash.pl\/en\/contact\/\",\"url\":\"https:\/\/www.starlash.pl\/en\/contact\/\",\"name\":\"Contact - Star Lash Academy\",\"isPartOf\":{\"@id\":\"https:\/\/www.starlash.pl\/#website\"},\"datePublished\":\"2018-03-19T21:49:30+00:00\",\"dateModified\":\"2023-01-26T09:07:28+00:00\",\"breadcrumb\":{\"@id\":\"https:\/\/www.starlash.pl\/en\/contact\/#breadcrumb\"},\"inLanguage\":\"en-US\",\"potentialAction\":[{\"@type\":\"ReadAction\",\"target\":[\"https:\/\/www.starlash.pl\/en\/contact\/\"]}]},{\"@type\":\"BreadcrumbList\",\"@id\":\"https:\/\/www.starlash.pl\/en\/contact\/#breadcrumb\",\"itemListElement\":[{\"@type\":\"ListItem\",\"position\":1,\"name\":\"Home\",\"item\":\"https:\/\/www.starlash.pl\/en\/home\/\"},{\"@type\":\"ListItem\",\"position\":2,\"name\":\"Contact\"}]},{\"@type\":\"WebSite\",\"@id\":\"https:\/\/www.starlash.pl\/#website\",\"url\":\"https:\/\/www.starlash.pl\/\",\"name\":\"Star Lash Academy\",\"description\":\"starlash academy\",\"potentialAction\":[{\"@type\":\"SearchAction\",\"target\":{\"@type\":\"EntryPoint\",\"urlTemplate\":\"https:\/\/www.starlash.pl\/?s={search_term_string}\"},\"query-input\":{\"@type\":\"PropertyValueSpecification\",\"valueRequired\":true,\"valueName\":\"search_term_string\"}}],\"inLanguage\":\"en-US\"}]}<\/script>\n<!-- \/ Yoast SEO plugin. -->","yoast_head_json":{"title":"Contact - Star Lash Academy","robots":{"index":"index","follow":"follow","max-snippet":"max-snippet:-1","max-image-preview":"max-image-preview:large","max-video-preview":"max-video-preview:-1"},"canonical":"https:\/\/www.starlash.pl\/en\/contact\/","og_locale":"en_US","og_type":"article","og_title":"Contact - Star Lash Academy","og_description":"[vc_row css=&#8221;.vc_custom_1519142390690{margin-top: 40px !important;margin-bottom: 40px !important;}&#8221;][vc_column][\/vc_column][\/vc_row][vc_row][vc_column][vc_column_text]The administrator of your personal data is StarLash Sp. z o.o., with its registered office at ul. gen. J\u00f3zefa Sowi\u0144skiego 1, 31-524 Krak\u00f3w, entered into the National Court Register kept by the District Court for Krak\u00f3w-\u015ar\u00f3dmie\u015bcie in Krak\u00f3w, XI Commercial Department of the National Court Register, under the KRS number 0000797410, using the NIP number 6751710550.[\/vc_column_text][vc_row_inner][vc_column_inner width=&#8221;1\/3&#8243;][vc_icon icon_fontawesome=&#8221;fa fa-map-marker&#8221; color=&#8221;orange&#8221; align=&#8221;center&#8221; css=&#8221;.vc_custom_1520236746097{margin-bottom: 0px !important;}&#8221;][vc_column_text] Sklep czynny Pon-Pt od 10:00 do 17:00 Star Lash Sp\u00f3\u0142ka z o.o. ul. Gen. J\u00f3zefa Sowi\u0144skiego 1 31-524 Krak\u00f3w[\/vc_column_text][\/vc_column_inner][vc_column_inner width=&#8221;1\/3&#8243;][vc_icon icon_fontawesome=&#8221;fa fa-phone&#8221; color=&#8221;orange&#8221; align=&#8221;center&#8221; css=&#8221;.vc_custom_1520236487073{margin-bottom: 0px !important;}&#8221;][vc_column_text] +48 502 451 659\u2013\u00a0Sklep [\/vc_column_text][\/vc_column_inner][vc_column_inner width=&#8221;1\/3&#8243;][vc_icon icon_fontawesome=&#8221;fa fa-envelope&#8221; color=&#8221;orange&#8221; align=&#8221;center&#8221; css=&#8221;.vc_custom_1520236771012{margin-bottom: 0px !important;}&#8221;][vc_column_text] shop: kontakt.starlash@gmail.com [\/vc_column_text][\/vc_column_inner][\/vc_row_inner][\/vc_column][\/vc_row]","og_url":"https:\/\/www.starlash.pl\/en\/contact\/","og_site_name":"Star Lash Academy","article_modified_time":"2023-01-26T09:07:28+00:00","og_image":[{"width":1732,"height":1155,"url":"https:\/\/www.starlash.pl\/wp-content\/uploads\/2018\/05\/IMG_4386.jpg","type":"image\/jpeg"}],"twitter_card":"summary_large_image","twitter_misc":{"Est. reading time":"1 minute"},"schema":{"@context":"https:\/\/schema.org","@graph":[{"@type":"WebPage","@id":"https:\/\/www.starlash.pl\/en\/contact\/","url":"https:\/\/www.starlash.pl\/en\/contact\/","name":"Contact - Star Lash Academy","isPartOf":{"@id":"https:\/\/www.starlash.pl\/#website"},"datePublished":"2018-03-19T21:49:30+00:00","dateModified":"2023-01-26T09:07:28+00:00","breadcrumb":{"@id":"https:\/\/www.starlash.pl\/en\/contact\/#breadcrumb"},"inLanguage":"en-US","potentialAction":[{"@type":"ReadAction","target":["https:\/\/www.starlash.pl\/en\/contact\/"]}]},{"@type":"BreadcrumbList","@id":"https:\/\/www.starlash.pl\/en\/contact\/#breadcrumb","itemListElement":[{"@type":"ListItem","position":1,"name":"Home","item":"https:\/\/www.starlash.pl\/en\/home\/"},{"@type":"ListItem","position":2,"name":"Contact"}]},{"@type":"WebSite","@id":"https:\/\/www.starlash.pl\/#website","url":"https:\/\/www.starlash.pl\/","name":"Star Lash Academy","description":"starlash academy","potentialAction":[{"@type":"SearchAction","target":{"@type":"EntryPoint","urlTemplate":"https:\/\/www.starlash.pl\/?s={search_term_string}"},"query-input":{"@type":"PropertyValueSpecification","valueRequired":true,"valueName":"search_term_string"}}],"inLanguage":"en-US"}]}},"_links":{"self":[{"href":"https:\/\/www.starlash.pl\/en\/wp-json\/wp\/v2\/pages\/17222","targetHints":{"allow":["GET"]}}],"collection":[{"href":"https:\/\/www.starlash.pl\/en\/wp-json\/wp\/v2\/pages"}],"about":[{"href":"https:\/\/www.starlash.pl\/en\/wp-json\/wp\/v2\/types\/page"}],"author":[{"embeddable":true,"href":"https:\/\/www.starlash.pl\/en\/wp-json\/wp\/v2\/users\/702"}],"replies":[{"embeddable":true,"href":"https:\/\/www.starlash.pl\/en\/wp-json\/wp\/v2\/comments?post=17222"}],"version-history":[{"count":0,"href":"https:\/\/www.starlash.pl\/en\/wp-json\/wp\/v2\/pages\/17222\/revisions"}],"wp:attachment":[{"href":"https:\/\/www.starlash.pl\/en\/wp-json\/wp\/v2\/media?parent=17222"}],"curies":[{"name":"wp","href":"https:\/\/api.w.org\/{rel}","templated":true}]}}