{"id":17082,"date":"2018-03-19T15:47:49","date_gmt":"2018-03-19T15:47:49","guid":{"rendered":"https:\/\/www.starlash.pl\/about-us\/"},"modified":"2018-03-19T15:47:49","modified_gmt":"2018-03-19T15:47:49","slug":"about-us","status":"publish","type":"page","link":"https:\/\/www.starlash.pl\/en\/about-us\/","title":{"rendered":"About us"},"content":{"rendered":"<div class=\"wpb-content-wrapper\"><p>[vc_row][vc_column][vc_column_text css_animation=&#8221;bottom-to-top&#8221;]<\/p>\n<p>Our school is a place for people with passion for cosmetics who want to know more about styling of eyelashes and eyebrows. Our company\u2019s office is located in Krakow. Our instructors can be found in Warsaw, Otwock, G\u00f3ra Kalwaria, \u017byrard\u00f3w, Gdansk, Gorzow Wielkopolski, Poznan, Kalisz, Gubin (at the Polish-German border) Bydgoszcz, Lublin, Suwalki, Olsztyn, Katowice, Bytom, Gliwice, and also in Great Britain and Finland.<\/p>\n<p>Passion for our profession is our principle. It draws many new stylists to our school; we share with them our positive thinking, enthusiasm for work and knowledge. As director, I emphasize the role of professionalism.<\/p>\n<p>When selecting instructors, I focus on customer care and quality of service. Thus, I can be 100% sure that my team is composed of highly qualified stylists with many years of experience. Many of them are winners of competitions and championships, in Poland and abroad. As the company founder, I try to support their development by organizing regular trainings on new technologies available on the market. The emphasis I put on continuous learning of my team guarantees highest quality of our courses, which translates into excellence of our students.<\/p>\n<p>Our instructors care for all our students who complete their training. They help them in further learning by giving advice and showing support.<\/p>\n<p>Choose a tab on our site and discover our offer.<\/p>\n<p>Kind regards,<br \/>\nAgnieszka Kwiatkowska<\/p>\n<p>[\/vc_column_text][\/vc_column][\/vc_row]<\/p>\n<\/div>","protected":false},"excerpt":{"rendered":"<p>[vc_row][vc_column][vc_column_text css_animation=&#8221;bottom-to-top&#8221;] Our school is a place for people with passion for cosmetics who want to know more about styling of eyelashes and eyebrows. Our company\u2019s office is located in Krakow. Our instructors can be found in Warsaw, Otwock, G\u00f3ra Kalwaria, \u017byrard\u00f3w, Gdansk, Gorzow Wielkopolski, Poznan, Kalisz, Gubin (at the Polish-German border) Bydgoszcz, Lublin, Suwalki, Olsztyn, Katowice, Bytom, Gliwice, and also in Great Britain and Finland. Passion for our profession is our principle. It draws many new stylists to our school; we share with them our positive thinking, enthusiasm for work and knowledge. As director, I emphasize the role of professionalism. When selecting instructors, I focus on customer care and quality of service. Thus, I can be 100% sure that my team is composed of highly qualified stylists with many years of experience. Many of them are winners of competitions and championships, in Poland and abroad. As the company founder, I try to support their development by organizing regular trainings on new technologies available on the market. The emphasis I put on continuous learning of my team guarantees highest quality of our courses, which translates into excellence of our students. Our instructors care for all our students who complete their&hellip; <a class=\"read-more-link\" href=\"https:\/\/www.starlash.pl\/en\/about-us\/\">Read More<\/a><\/p>\n","protected":false},"author":702,"featured_media":0,"parent":0,"menu_order":0,"comment_status":"closed","ping_status":"closed","template":"","meta":{"footnotes":""},"class_list":["post-17082","page","type-page","status-publish","hentry"],"yoast_head":"<!-- This site is optimized with the Yoast SEO plugin v25.2 - https:\/\/yoast.com\/wordpress\/plugins\/seo\/ -->\n<title>About us - Star Lash Academy<\/title>\n<meta name=\"robots\" content=\"index, follow, max-snippet:-1, max-image-preview:large, max-video-preview:-1\" \/>\n<link rel=\"canonical\" href=\"https:\/\/www.starlash.pl\/en\/about-us\/\" \/>\n<meta property=\"og:locale\" content=\"en_US\" \/>\n<meta property=\"og:type\" content=\"article\" \/>\n<meta property=\"og:title\" content=\"About us - Star Lash Academy\" \/>\n<meta property=\"og:description\" content=\"[vc_row][vc_column][vc_column_text css_animation=&#8221;bottom-to-top&#8221;] Our school is a place for people with passion for cosmetics who want to know more about styling of eyelashes and eyebrows. Our company\u2019s office is located in Krakow. Our instructors can be found in Warsaw, Otwock, G\u00f3ra Kalwaria, \u017byrard\u00f3w, Gdansk, Gorzow Wielkopolski, Poznan, Kalisz, Gubin (at the Polish-German border) Bydgoszcz, Lublin, Suwalki, Olsztyn, Katowice, Bytom, Gliwice, and also in Great Britain and Finland. Passion for our profession is our principle. It draws many new stylists to our school; we share with them our positive thinking, enthusiasm for work and knowledge. As director, I emphasize the role of professionalism. When selecting instructors, I focus on customer care and quality of service. Thus, I can be 100% sure that my team is composed of highly qualified stylists with many years of experience. Many of them are winners of competitions and championships, in Poland and abroad. As the company founder, I try to support their development by organizing regular trainings on new technologies available on the market. The emphasis I put on continuous learning of my team guarantees highest quality of our courses, which translates into excellence of our students. Our instructors care for all our students who complete their&hellip; Read More\" \/>\n<meta property=\"og:url\" content=\"https:\/\/www.starlash.pl\/en\/about-us\/\" \/>\n<meta property=\"og:site_name\" content=\"Star Lash Academy\" \/>\n<meta property=\"og:image\" content=\"https:\/\/www.starlash.pl\/wp-content\/uploads\/2018\/05\/IMG_4386.jpg\" \/>\n\t<meta property=\"og:image:width\" content=\"1732\" \/>\n\t<meta property=\"og:image:height\" content=\"1155\" \/>\n\t<meta property=\"og:image:type\" content=\"image\/jpeg\" \/>\n<meta name=\"twitter:card\" content=\"summary_large_image\" \/>\n<meta name=\"twitter:label1\" content=\"Est. reading time\" \/>\n\t<meta name=\"twitter:data1\" content=\"1 minute\" \/>\n<script type=\"application\/ld+json\" class=\"yoast-schema-graph\">{\"@context\":\"https:\/\/schema.org\",\"@graph\":[{\"@type\":\"WebPage\",\"@id\":\"https:\/\/www.starlash.pl\/en\/about-us\/\",\"url\":\"https:\/\/www.starlash.pl\/en\/about-us\/\",\"name\":\"About us - Star Lash Academy\",\"isPartOf\":{\"@id\":\"https:\/\/www.starlash.pl\/#website\"},\"datePublished\":\"2018-03-19T15:47:49+00:00\",\"breadcrumb\":{\"@id\":\"https:\/\/www.starlash.pl\/en\/about-us\/#breadcrumb\"},\"inLanguage\":\"en-US\",\"potentialAction\":[{\"@type\":\"ReadAction\",\"target\":[\"https:\/\/www.starlash.pl\/en\/about-us\/\"]}]},{\"@type\":\"BreadcrumbList\",\"@id\":\"https:\/\/www.starlash.pl\/en\/about-us\/#breadcrumb\",\"itemListElement\":[{\"@type\":\"ListItem\",\"position\":1,\"name\":\"Home\",\"item\":\"https:\/\/www.starlash.pl\/en\/home\/\"},{\"@type\":\"ListItem\",\"position\":2,\"name\":\"About us\"}]},{\"@type\":\"WebSite\",\"@id\":\"https:\/\/www.starlash.pl\/#website\",\"url\":\"https:\/\/www.starlash.pl\/\",\"name\":\"Star Lash Academy\",\"description\":\"starlash academy\",\"potentialAction\":[{\"@type\":\"SearchAction\",\"target\":{\"@type\":\"EntryPoint\",\"urlTemplate\":\"https:\/\/www.starlash.pl\/?s={search_term_string}\"},\"query-input\":{\"@type\":\"PropertyValueSpecification\",\"valueRequired\":true,\"valueName\":\"search_term_string\"}}],\"inLanguage\":\"en-US\"}]}<\/script>\n<!-- \/ Yoast SEO plugin. -->","yoast_head_json":{"title":"About us - Star Lash Academy","robots":{"index":"index","follow":"follow","max-snippet":"max-snippet:-1","max-image-preview":"max-image-preview:large","max-video-preview":"max-video-preview:-1"},"canonical":"https:\/\/www.starlash.pl\/en\/about-us\/","og_locale":"en_US","og_type":"article","og_title":"About us - Star Lash Academy","og_description":"[vc_row][vc_column][vc_column_text css_animation=&#8221;bottom-to-top&#8221;] Our school is a place for people with passion for cosmetics who want to know more about styling of eyelashes and eyebrows. Our company\u2019s office is located in Krakow. Our instructors can be found in Warsaw, Otwock, G\u00f3ra Kalwaria, \u017byrard\u00f3w, Gdansk, Gorzow Wielkopolski, Poznan, Kalisz, Gubin (at the Polish-German border) Bydgoszcz, Lublin, Suwalki, Olsztyn, Katowice, Bytom, Gliwice, and also in Great Britain and Finland. Passion for our profession is our principle. It draws many new stylists to our school; we share with them our positive thinking, enthusiasm for work and knowledge. As director, I emphasize the role of professionalism. When selecting instructors, I focus on customer care and quality of service. Thus, I can be 100% sure that my team is composed of highly qualified stylists with many years of experience. Many of them are winners of competitions and championships, in Poland and abroad. As the company founder, I try to support their development by organizing regular trainings on new technologies available on the market. The emphasis I put on continuous learning of my team guarantees highest quality of our courses, which translates into excellence of our students. Our instructors care for all our students who complete their&hellip; Read More","og_url":"https:\/\/www.starlash.pl\/en\/about-us\/","og_site_name":"Star Lash Academy","og_image":[{"width":1732,"height":1155,"url":"https:\/\/www.starlash.pl\/wp-content\/uploads\/2018\/05\/IMG_4386.jpg","type":"image\/jpeg"}],"twitter_card":"summary_large_image","twitter_misc":{"Est. reading time":"1 minute"},"schema":{"@context":"https:\/\/schema.org","@graph":[{"@type":"WebPage","@id":"https:\/\/www.starlash.pl\/en\/about-us\/","url":"https:\/\/www.starlash.pl\/en\/about-us\/","name":"About us - Star Lash Academy","isPartOf":{"@id":"https:\/\/www.starlash.pl\/#website"},"datePublished":"2018-03-19T15:47:49+00:00","breadcrumb":{"@id":"https:\/\/www.starlash.pl\/en\/about-us\/#breadcrumb"},"inLanguage":"en-US","potentialAction":[{"@type":"ReadAction","target":["https:\/\/www.starlash.pl\/en\/about-us\/"]}]},{"@type":"BreadcrumbList","@id":"https:\/\/www.starlash.pl\/en\/about-us\/#breadcrumb","itemListElement":[{"@type":"ListItem","position":1,"name":"Home","item":"https:\/\/www.starlash.pl\/en\/home\/"},{"@type":"ListItem","position":2,"name":"About us"}]},{"@type":"WebSite","@id":"https:\/\/www.starlash.pl\/#website","url":"https:\/\/www.starlash.pl\/","name":"Star Lash Academy","description":"starlash academy","potentialAction":[{"@type":"SearchAction","target":{"@type":"EntryPoint","urlTemplate":"https:\/\/www.starlash.pl\/?s={search_term_string}"},"query-input":{"@type":"PropertyValueSpecification","valueRequired":true,"valueName":"search_term_string"}}],"inLanguage":"en-US"}]}},"_links":{"self":[{"href":"https:\/\/www.starlash.pl\/en\/wp-json\/wp\/v2\/pages\/17082","targetHints":{"allow":["GET"]}}],"collection":[{"href":"https:\/\/www.starlash.pl\/en\/wp-json\/wp\/v2\/pages"}],"about":[{"href":"https:\/\/www.starlash.pl\/en\/wp-json\/wp\/v2\/types\/page"}],"author":[{"embeddable":true,"href":"https:\/\/www.starlash.pl\/en\/wp-json\/wp\/v2\/users\/702"}],"replies":[{"embeddable":true,"href":"https:\/\/www.starlash.pl\/en\/wp-json\/wp\/v2\/comments?post=17082"}],"version-history":[{"count":0,"href":"https:\/\/www.starlash.pl\/en\/wp-json\/wp\/v2\/pages\/17082\/revisions"}],"wp:attachment":[{"href":"https:\/\/www.starlash.pl\/en\/wp-json\/wp\/v2\/media?parent=17082"}],"curies":[{"name":"wp","href":"https:\/\/api.w.org\/{rel}","templated":true}]}}