{"id":17076,"date":"2018-03-19T15:45:58","date_gmt":"2018-03-19T15:45:58","guid":{"rendered":"https:\/\/www.starlash.pl\/payment-methods\/"},"modified":"2020-11-10T16:27:45","modified_gmt":"2020-11-10T15:27:45","slug":"payment-methods","status":"publish","type":"page","link":"https:\/\/www.starlash.pl\/en\/payment-methods\/","title":{"rendered":"Payment methods"},"content":{"rendered":"<div class=\"wpb-content-wrapper\"><p>[vc_row][vc_column][vc_row_inner][vc_column_inner]<div class=\"shortcode-title center\"><h3 class=\"normal-title\">Payment methods<\/h3><h3 class=\"sub-title\">How can I pay for my order?<\/h3><\/div>[vc_empty_space height=&#8221;55px&#8221;][\/vc_column_inner][\/vc_row_inner][vc_row_inner][vc_column_inner][vc_text_separator title=&#8221;Bank account:&#8221; title_align=&#8221;separator_align_left&#8221;][vc_empty_space height=&#8221;15px&#8221;][vc_column_text]Star Lash Sp\u00f3\u0142ka Z o. o<br \/>\nul. gen. J\u00f3zefa Sowi\u0144skiego 1<br \/>\n31-524 Krak\u00f3w<br \/>\nING BANK<\/p>\n<p><strong>FOR INDIVIDUAL CURRENCIES:<\/strong><\/p>\n<p><strong>PLN:\u00a0PL 09 1050 1445 1000 0090 8067 6126 <\/strong><\/p>\n<p><strong>EURO: 84 1050 1445 1000 0090 8067 6134<br \/>\n<\/strong>Kod SWIFT:\u00a0<span class=\"product-details_desc\">INGBPLPW<\/span>[\/vc_column_text][vc_empty_space height=&#8221;55px&#8221;][\/vc_column_inner][\/vc_row_inner][vc_row_inner][vc_column_inner][vc_text_separator title=&#8221;Pay Pal account:&#8221; title_align=&#8221;separator_align_left&#8221;][vc_empty_space height=&#8221;15px&#8221;][vc_column_text]<strong>Pay Pal:<\/strong>\u00a0<strong>kontakt.starlash@gmail.com<\/strong>[\/vc_column_text][\/vc_column_inner][\/vc_row_inner][\/vc_column][\/vc_row]<\/p>\n<\/div>","protected":false},"excerpt":{"rendered":"<p>[vc_row][vc_column][vc_row_inner][vc_column_inner][vc_empty_space height=&#8221;55px&#8221;][\/vc_column_inner][\/vc_row_inner][vc_row_inner][vc_column_inner][vc_text_separator title=&#8221;Bank account:&#8221; title_align=&#8221;separator_align_left&#8221;][vc_empty_space height=&#8221;15px&#8221;][vc_column_text]Star Lash Sp\u00f3\u0142ka Z o. o ul. gen. J\u00f3zefa Sowi\u0144skiego 1 31-524 Krak\u00f3w ING BANK FOR INDIVIDUAL CURRENCIES: PLN:\u00a0PL 09 1050 1445 1000 0090 8067 6126 EURO: 84 1050 1445 1000 0090 8067 6134 Kod SWIFT:\u00a0INGBPLPW[\/vc_column_text][vc_empty_space height=&#8221;55px&#8221;][\/vc_column_inner][\/vc_row_inner][vc_row_inner][vc_column_inner][vc_text_separator title=&#8221;Pay Pal account:&#8221; title_align=&#8221;separator_align_left&#8221;][vc_empty_space height=&#8221;15px&#8221;][vc_column_text]Pay Pal:\u00a0kontakt.starlash@gmail.com[\/vc_column_text][\/vc_column_inner][\/vc_row_inner][\/vc_column][\/vc_row]<\/p>\n","protected":false},"author":702,"featured_media":0,"parent":0,"menu_order":0,"comment_status":"closed","ping_status":"closed","template":"","meta":{"footnotes":""},"class_list":["post-17076","page","type-page","status-publish","hentry"],"yoast_head":"<!-- This site is optimized with the Yoast SEO plugin v25.2 - https:\/\/yoast.com\/wordpress\/plugins\/seo\/ -->\n<title>Payment methods - Star Lash Academy<\/title>\n<meta name=\"robots\" content=\"index, follow, max-snippet:-1, max-image-preview:large, max-video-preview:-1\" \/>\n<link rel=\"canonical\" href=\"https:\/\/www.starlash.pl\/en\/payment-methods\/\" \/>\n<meta property=\"og:locale\" content=\"en_US\" \/>\n<meta property=\"og:type\" content=\"article\" \/>\n<meta property=\"og:title\" content=\"Payment methods - Star Lash Academy\" \/>\n<meta property=\"og:description\" content=\"[vc_row][vc_column][vc_row_inner][vc_column_inner][vc_empty_space height=&#8221;55px&#8221;][\/vc_column_inner][\/vc_row_inner][vc_row_inner][vc_column_inner][vc_text_separator title=&#8221;Bank account:&#8221; title_align=&#8221;separator_align_left&#8221;][vc_empty_space height=&#8221;15px&#8221;][vc_column_text]Star Lash Sp\u00f3\u0142ka Z o. o ul. gen. J\u00f3zefa Sowi\u0144skiego 1 31-524 Krak\u00f3w ING BANK FOR INDIVIDUAL CURRENCIES: PLN:\u00a0PL 09 1050 1445 1000 0090 8067 6126 EURO: 84 1050 1445 1000 0090 8067 6134 Kod SWIFT:\u00a0INGBPLPW[\/vc_column_text][vc_empty_space height=&#8221;55px&#8221;][\/vc_column_inner][\/vc_row_inner][vc_row_inner][vc_column_inner][vc_text_separator title=&#8221;Pay Pal account:&#8221; title_align=&#8221;separator_align_left&#8221;][vc_empty_space height=&#8221;15px&#8221;][vc_column_text]Pay Pal:\u00a0kontakt.starlash@gmail.com[\/vc_column_text][\/vc_column_inner][\/vc_row_inner][\/vc_column][\/vc_row]\" \/>\n<meta property=\"og:url\" content=\"https:\/\/www.starlash.pl\/en\/payment-methods\/\" \/>\n<meta property=\"og:site_name\" content=\"Star Lash Academy\" \/>\n<meta property=\"article:modified_time\" content=\"2020-11-10T15:27:45+00:00\" \/>\n<meta property=\"og:image\" content=\"https:\/\/www.starlash.pl\/wp-content\/uploads\/2018\/05\/IMG_4386.jpg\" \/>\n\t<meta property=\"og:image:width\" content=\"1732\" \/>\n\t<meta property=\"og:image:height\" content=\"1155\" \/>\n\t<meta property=\"og:image:type\" content=\"image\/jpeg\" \/>\n<meta name=\"twitter:card\" content=\"summary_large_image\" \/>\n<meta name=\"twitter:label1\" content=\"Est. reading time\" \/>\n\t<meta name=\"twitter:data1\" content=\"1 minute\" \/>\n<script type=\"application\/ld+json\" class=\"yoast-schema-graph\">{\"@context\":\"https:\/\/schema.org\",\"@graph\":[{\"@type\":\"WebPage\",\"@id\":\"https:\/\/www.starlash.pl\/en\/payment-methods\/\",\"url\":\"https:\/\/www.starlash.pl\/en\/payment-methods\/\",\"name\":\"Payment methods - Star Lash Academy\",\"isPartOf\":{\"@id\":\"https:\/\/www.starlash.pl\/#website\"},\"datePublished\":\"2018-03-19T15:45:58+00:00\",\"dateModified\":\"2020-11-10T15:27:45+00:00\",\"breadcrumb\":{\"@id\":\"https:\/\/www.starlash.pl\/en\/payment-methods\/#breadcrumb\"},\"inLanguage\":\"en-US\",\"potentialAction\":[{\"@type\":\"ReadAction\",\"target\":[\"https:\/\/www.starlash.pl\/en\/payment-methods\/\"]}]},{\"@type\":\"BreadcrumbList\",\"@id\":\"https:\/\/www.starlash.pl\/en\/payment-methods\/#breadcrumb\",\"itemListElement\":[{\"@type\":\"ListItem\",\"position\":1,\"name\":\"Home\",\"item\":\"https:\/\/www.starlash.pl\/en\/home\/\"},{\"@type\":\"ListItem\",\"position\":2,\"name\":\"Payment methods\"}]},{\"@type\":\"WebSite\",\"@id\":\"https:\/\/www.starlash.pl\/#website\",\"url\":\"https:\/\/www.starlash.pl\/\",\"name\":\"Star Lash Academy\",\"description\":\"starlash academy\",\"potentialAction\":[{\"@type\":\"SearchAction\",\"target\":{\"@type\":\"EntryPoint\",\"urlTemplate\":\"https:\/\/www.starlash.pl\/?s={search_term_string}\"},\"query-input\":{\"@type\":\"PropertyValueSpecification\",\"valueRequired\":true,\"valueName\":\"search_term_string\"}}],\"inLanguage\":\"en-US\"}]}<\/script>\n<!-- \/ Yoast SEO plugin. -->","yoast_head_json":{"title":"Payment methods - Star Lash Academy","robots":{"index":"index","follow":"follow","max-snippet":"max-snippet:-1","max-image-preview":"max-image-preview:large","max-video-preview":"max-video-preview:-1"},"canonical":"https:\/\/www.starlash.pl\/en\/payment-methods\/","og_locale":"en_US","og_type":"article","og_title":"Payment methods - Star Lash Academy","og_description":"[vc_row][vc_column][vc_row_inner][vc_column_inner][vc_empty_space height=&#8221;55px&#8221;][\/vc_column_inner][\/vc_row_inner][vc_row_inner][vc_column_inner][vc_text_separator title=&#8221;Bank account:&#8221; title_align=&#8221;separator_align_left&#8221;][vc_empty_space height=&#8221;15px&#8221;][vc_column_text]Star Lash Sp\u00f3\u0142ka Z o. o ul. gen. J\u00f3zefa Sowi\u0144skiego 1 31-524 Krak\u00f3w ING BANK FOR INDIVIDUAL CURRENCIES: PLN:\u00a0PL 09 1050 1445 1000 0090 8067 6126 EURO: 84 1050 1445 1000 0090 8067 6134 Kod SWIFT:\u00a0INGBPLPW[\/vc_column_text][vc_empty_space height=&#8221;55px&#8221;][\/vc_column_inner][\/vc_row_inner][vc_row_inner][vc_column_inner][vc_text_separator title=&#8221;Pay Pal account:&#8221; title_align=&#8221;separator_align_left&#8221;][vc_empty_space height=&#8221;15px&#8221;][vc_column_text]Pay Pal:\u00a0kontakt.starlash@gmail.com[\/vc_column_text][\/vc_column_inner][\/vc_row_inner][\/vc_column][\/vc_row]","og_url":"https:\/\/www.starlash.pl\/en\/payment-methods\/","og_site_name":"Star Lash Academy","article_modified_time":"2020-11-10T15:27:45+00:00","og_image":[{"width":1732,"height":1155,"url":"https:\/\/www.starlash.pl\/wp-content\/uploads\/2018\/05\/IMG_4386.jpg","type":"image\/jpeg"}],"twitter_card":"summary_large_image","twitter_misc":{"Est. reading time":"1 minute"},"schema":{"@context":"https:\/\/schema.org","@graph":[{"@type":"WebPage","@id":"https:\/\/www.starlash.pl\/en\/payment-methods\/","url":"https:\/\/www.starlash.pl\/en\/payment-methods\/","name":"Payment methods - Star Lash Academy","isPartOf":{"@id":"https:\/\/www.starlash.pl\/#website"},"datePublished":"2018-03-19T15:45:58+00:00","dateModified":"2020-11-10T15:27:45+00:00","breadcrumb":{"@id":"https:\/\/www.starlash.pl\/en\/payment-methods\/#breadcrumb"},"inLanguage":"en-US","potentialAction":[{"@type":"ReadAction","target":["https:\/\/www.starlash.pl\/en\/payment-methods\/"]}]},{"@type":"BreadcrumbList","@id":"https:\/\/www.starlash.pl\/en\/payment-methods\/#breadcrumb","itemListElement":[{"@type":"ListItem","position":1,"name":"Home","item":"https:\/\/www.starlash.pl\/en\/home\/"},{"@type":"ListItem","position":2,"name":"Payment methods"}]},{"@type":"WebSite","@id":"https:\/\/www.starlash.pl\/#website","url":"https:\/\/www.starlash.pl\/","name":"Star Lash Academy","description":"starlash academy","potentialAction":[{"@type":"SearchAction","target":{"@type":"EntryPoint","urlTemplate":"https:\/\/www.starlash.pl\/?s={search_term_string}"},"query-input":{"@type":"PropertyValueSpecification","valueRequired":true,"valueName":"search_term_string"}}],"inLanguage":"en-US"}]}},"_links":{"self":[{"href":"https:\/\/www.starlash.pl\/en\/wp-json\/wp\/v2\/pages\/17076","targetHints":{"allow":["GET"]}}],"collection":[{"href":"https:\/\/www.starlash.pl\/en\/wp-json\/wp\/v2\/pages"}],"about":[{"href":"https:\/\/www.starlash.pl\/en\/wp-json\/wp\/v2\/types\/page"}],"author":[{"embeddable":true,"href":"https:\/\/www.starlash.pl\/en\/wp-json\/wp\/v2\/users\/702"}],"replies":[{"embeddable":true,"href":"https:\/\/www.starlash.pl\/en\/wp-json\/wp\/v2\/comments?post=17076"}],"version-history":[{"count":0,"href":"https:\/\/www.starlash.pl\/en\/wp-json\/wp\/v2\/pages\/17076\/revisions"}],"wp:attachment":[{"href":"https:\/\/www.starlash.pl\/en\/wp-json\/wp\/v2\/media?parent=17076"}],"curies":[{"name":"wp","href":"https:\/\/api.w.org\/{rel}","templated":true}]}}